{"id":51041,"date":"2025-05-27T11:35:25","date_gmt":"2025-05-27T09:35:25","guid":{"rendered":"https:\/\/customs.pgwear.net\/designers-studio\/"},"modified":"2025-05-28T13:16:11","modified_gmt":"2025-05-28T11:16:11","slug":"designers-studio","status":"publish","type":"page","link":"https:\/\/customs.pgwear.net\/es\/designers-studio\/","title":{"rendered":"Designers Studio"},"content":{"rendered":"\n\t<section class=\"section dark\" id=\"section_132771386\">\n\t\t<div class=\"section-bg fill\" >\n\t\t\t<img loading=\"lazy\" decoding=\"async\" width=\"2560\" height=\"1707\" src=\"https:\/\/customs.pgwear.net\/wp-content\/uploads\/2023\/03\/pgwear-39-scaled.jpg\" class=\"bg attachment- size-\" alt=\"\" \/>\t\t\t\t\t\t<div class=\"section-bg-overlay absolute fill\"><\/div>\n\t\t\t\n\n\t\t<\/div>\n\n\t\t\n\n\t\t<div class=\"section-content relative\">\n\t\t\t\n\t<div id=\"gap-1783162624\" class=\"gap-element clearfix\" style=\"display:block; height:auto;\">\n\t\t\n<style>\n#gap-1783162624 {\n  padding-top: 30px;\n}\n<\/style>\n\t<\/div>\n\t\n<div class=\"row align-middle\"  id=\"row-1935245524\">\n\n\t<div id=\"col-505994343\" class=\"col medium-12 small-12 large-6\"  >\n\t\t\t\t<div class=\"col-inner\"  >\n\t\t\t\n\t\t\t\n\t<div id=\"gap-1632310764\" class=\"gap-element clearfix hide-for-small\" style=\"display:block; height:auto;\">\n\t\t\n<style>\n#gap-1632310764 {\n  padding-top: 10px;\n}\n@media (min-width:850px) {\n  #gap-1632310764 {\n    padding-top: 30px;\n  }\n}\n<\/style>\n\t<\/div>\n\t\n\t<div id=\"text-4169464539\" class=\"text\">\n\t\t\n<h1>Solicite una visualizaci\u00f3n gratuita<\/h1>\n\t\t\n<style>\n#text-4169464539 {\n  font-size: 1.75rem;\n  line-height: 1.5;\n}\n@media (min-width:550px) {\n  #text-4169464539 {\n    font-size: 2rem;\n  }\n}\n<\/style>\n\t<\/div>\n\t\n\t<div id=\"text-4268574443\" class=\"text\">\n\t\t\n<p class=\"lead\">Desde el concepto hasta el color y las fuentes, pasando por la creaci\u00f3n de gr\u00e1ficos para impresiones, creamos visuales <span class=\"fancy-underline\">libres<\/span> para la aprobaci\u00f3n del cliente.<\/p>\n\t\t\n<style>\n#text-4268574443 {\n  font-size: 1rem;\n}\n<\/style>\n\t<\/div>\n\t\n\t<div id=\"gap-444603282\" class=\"gap-element clearfix\" style=\"display:block; height:auto;\">\n\t\t\n<style>\n#gap-444603282 {\n  padding-top: 10px;\n}\n<\/style>\n\t<\/div>\n\t\n<a href=\"#read\" class=\"button white\" style=\"border-radius:10px;padding:15px 30px 15px 30px;\">\n\t\t<span>Seguir leyendo<\/span>\n\t<\/a>\n\n<a href=\"https:\/\/customs.pgwear.net\/es\/pida\/\" class=\"button alert\" style=\"border-radius:10px;padding:17px 30px 17px 30px;\">\n\t\t<span>Pida<\/span>\n\t<\/a>\n\n\t\t<\/div>\n\t\t\t\t\t<\/div>\n\n\t\n\n\t<div id=\"col-767531228\" class=\"col medium-12 small-12 large-6 medium-col-first\"  >\n\t\t\t\t<div class=\"col-inner\"  >\n\t\t\t\n\t\t\t\n\t<div class=\"img has-hover circle x md-x lg-x y md-y lg-y\" id=\"image_2140250468\">\n\t\t\t\t\t\t\t\t<div class=\"img-inner image-cover dark\" style=\"padding-top:100%;\">\n\t\t\t<img loading=\"lazy\" decoding=\"async\" width=\"800\" height=\"800\" src=\"https:\/\/customs.pgwear.net\/wp-content\/uploads\/2025\/05\/wizka-1-800x800.png\" class=\"attachment-large size-large\" alt=\"\" srcset=\"https:\/\/customs.pgwear.net\/wp-content\/uploads\/2025\/05\/wizka-1-800x800.png 800w, https:\/\/customs.pgwear.net\/wp-content\/uploads\/2025\/05\/wizka-1-400x400.png 400w, https:\/\/customs.pgwear.net\/wp-content\/uploads\/2025\/05\/wizka-1-280x280.png 280w, https:\/\/customs.pgwear.net\/wp-content\/uploads\/2025\/05\/wizka-1-768x768.png 768w, https:\/\/customs.pgwear.net\/wp-content\/uploads\/2025\/05\/wizka-1-1536x1536.png 1536w, https:\/\/customs.pgwear.net\/wp-content\/uploads\/2025\/05\/wizka-1.png 2000w\" sizes=\"auto, (max-width: 800px) 100vw, 800px\" \/>\t\t\t\t\t\t\n\t\t\t\t\t<\/div>\n\t\t\t\t\t\t\t\t\n<style>\n#image_2140250468 {\n  width: 60%;\n}\n@media (min-width:550px) {\n  #image_2140250468 {\n    width: 100%;\n  }\n}\n@media (min-width:850px) {\n  #image_2140250468 {\n    width: 100%;\n  }\n}\n<\/style>\n\t<\/div>\n\t\n\t\t<\/div>\n\t\t\t\t\t<\/div>\n\n\t\n<\/div>\n\t\t<\/div>\n\n\t\t\n<style>\n#section_132771386 {\n  padding-top: 20px;\n  padding-bottom: 20px;\n  background-color: rgb(234, 234, 234);\n}\n#section_132771386 .section-bg-overlay {\n  background-color: rgba(0, 0, 0, 0.715);\n}\n#section_132771386 .section-bg img {\n  object-position: 55% 49%;\n}\n@media (min-width:550px) {\n  #section_132771386 {\n    padding-top: 50px;\n    padding-bottom: 50px;\n  }\n}\n@media (min-width:850px) {\n  #section_132771386 {\n    padding-top: 70px;\n    padding-bottom: 70px;\n  }\n}\n<\/style>\n\t<\/section>\n\t\n<span class=\"scroll-to\" data-label=\"Scroll to: #read\" data-bullet=\"false\" data-link=\"#read\" data-title=\"read\"><a name=\"read\"><\/a><\/span>\n\n\t<section class=\"section dark\" id=\"section_54674210\">\n\t\t<div class=\"section-bg fill\" >\n\t\t\t\t\t\t\t\t\t\n\t\t\t\n\n\t\t<\/div>\n\n\t\t\n\t<div class=\"ux-shape-divider ux-shape-divider--bottom ux-shape-divider--style-waves-opacity-2\">\n\t\t<svg viewBox=\"0 0 1000 300\" xmlns=\"http:\/\/www.w3.org\/2000\/svg\" preserveAspectRatio=\"none\">\n  <path class=\"ux-shape-fill\" opacity=\"0.15\" d=\"M0 299L-2 19.9998C153 -16.0002 308 155 413 184C515.64 212.35 562 152 645 153C725 154 787 206 874 233C939.54 253.34 975 248 1000 244.61V299H0Z\"\/>\n  <path class=\"ux-shape-fill\" opacity=\"0.3\" d=\"M0 300L-2 34C155 -9.00003 300 178 403 212C504.11 245.38 562 165 645 166C725 167 790.09 220.07 874 253C939.21 278.59 978.07 269.72 1000 263.61V300H0Z\"\/>\n  <path class=\"ux-shape-fill\" d=\"M0 300L-1 69.7099C216 56.9999 299.47 198.86 403 226C506 253 577 196 660 197C740 198 790.09 234.07 874 267C935.23 291 982 282.61 1000 277.61V300H0Z\"\/>\n<\/svg>\n\t<\/div>\n\n\t\t<div class=\"section-content relative\">\n\t\t\t\n<div class=\"row row-large align-middle align-center\"  id=\"row-156150850\">\n\n\t<div id=\"col-1084915866\" class=\"col medium-5 small-12 large-5\"  >\n\t\t\t\t<div class=\"col-inner\"  >\n\t\t\t\n\t\t\t\n\t<div class=\"img has-hover x md-x lg-x y md-y lg-y\" id=\"image_1267672242\">\n\t\t\t\t\t\t\t\t<div class=\"img-inner dark\" >\n\t\t\t<img loading=\"lazy\" decoding=\"async\" width=\"1536\" height=\"1024\" src=\"https:\/\/customs.pgwear.net\/wp-content\/uploads\/2022\/11\/pgwear-49-1536x1024.jpg\" class=\"attachment-1536x1536 size-1536x1536\" alt=\"\" srcset=\"https:\/\/customs.pgwear.net\/wp-content\/uploads\/2022\/11\/pgwear-49-1536x1024.jpg 1536w, https:\/\/customs.pgwear.net\/wp-content\/uploads\/2022\/11\/pgwear-49-600x400.jpg 600w, https:\/\/customs.pgwear.net\/wp-content\/uploads\/2022\/11\/pgwear-49-1200x800.jpg 1200w, https:\/\/customs.pgwear.net\/wp-content\/uploads\/2022\/11\/pgwear-49-768x512.jpg 768w, https:\/\/customs.pgwear.net\/wp-content\/uploads\/2022\/11\/pgwear-49-2048x1365.jpg 2048w\" sizes=\"auto, (max-width: 1536px) 100vw, 1536px\" \/>\t\t\t\t\t\t\n\t\t\t\t\t<\/div>\n\t\t\t\t\t\t\t\t\n<style>\n#image_1267672242 {\n  width: 100%;\n}\n<\/style>\n\t<\/div>\n\t\n\t\t<\/div>\n\t\t\t\t\t<\/div>\n\n\t\n\n\t<div id=\"col-1645795027\" class=\"col medium-6 small-12 large-6\"  >\n\t\t\t\t<div class=\"col-inner\"  >\n\t\t\t\n\t\t\t\n<h6 class=\"uppercase\">O en<\/h6>\n<h2>PGWEAR Design Studio<\/h2>\n<p>El trabajo de los dise\u00f1adores gr\u00e1ficos de PGWEAR Customs es un proceso creativo que combina el arte con la funcionalidad para crear dise\u00f1os de prendas \u00fanicos. Los dise\u00f1adores gr\u00e1ficos trabajan con los clientes para producir dise\u00f1os de prendas que cumplan sus expectativas. <\/p>\n<p>Empiezan con el concepto, eligen los colores y tipos de letra adecuados, crean los gr\u00e1ficos para la impresi\u00f3n y, a continuaci\u00f3n, crean los visuales para que el cliente los apruebe.<\/p>\n\t\t<\/div>\n\t\t\t\t\t<\/div>\n\n\t\n<\/div>\n\t\t<\/div>\n\n\t\t\n<style>\n#section_54674210 {\n  padding-top: 100px;\n  padding-bottom: 100px;\n  background-color: rgb(0,0,0);\n}\n#section_54674210 .ux-shape-divider--bottom svg {\n  height: 44px;\n  --divider-width: 100%;\n}\n@media (min-width:550px) {\n  #section_54674210 {\n    padding-top: 120px;\n    padding-bottom: 120px;\n  }\n  #section_54674210 .ux-shape-divider--bottom svg {\n    height: 150px;\n  }\n}\n@media (min-width:850px) {\n  #section_54674210 {\n    padding-top: 140px;\n    padding-bottom: 140px;\n  }\n}\n<\/style>\n\t<\/section>\n\t\n\n\t<section class=\"section\" id=\"section_575104252\">\n\t\t<div class=\"section-bg fill\" >\n\t\t\t\t\t\t\t\t\t\n\t\t\t\n\n\t\t<\/div>\n\n\t\t\n\n\t\t<div class=\"section-content relative\">\n\t\t\t\n\t<div id=\"gap-1967172530\" class=\"gap-element clearfix\" style=\"display:block; height:auto;\">\n\t\t\n<style>\n#gap-1967172530 {\n  padding-top: 30px;\n}\n<\/style>\n\t<\/div>\n\t\n<div class=\"row row-large align-middle align-center\"  id=\"row-1462074720\">\n\n\t<div id=\"col-2031517056\" class=\"col medium-6 small-12 large-6\"  >\n\t\t\t\t<div class=\"col-inner\"  >\n\t\t\t\n\t\t\t\n<p>Los dise\u00f1adores gr\u00e1ficos deben estar familiarizados con diversas t\u00e9cnicas de decoraci\u00f3n, como la serigraf\u00eda o el bordado, y asegurarse de que los dise\u00f1os sean a la vez est\u00e9ticos y funcionales.<\/p>\n<p>Tambi\u00e9n colaboran estrechamente con el departamento de producci\u00f3n, garantizando que los dise\u00f1os sean duraderos y c\u00f3modos y, sobre todo, acordes con las capacidades t\u00e9cnicas de la sala de costura.<\/p>\n\t\t<\/div>\n\t\t\t\t\t<\/div>\n\n\t\n\n\t<div id=\"col-803930014\" class=\"col medium-4 small-12 large-4 small-col-first\"  >\n\t\t\t\t<div class=\"col-inner\"  >\n\t\t\t\n\t\t\t\n\t<div class=\"img has-hover x md-x lg-x y md-y lg-y\" id=\"image_1430147761\">\n\t\t\t\t\t\t\t\t<div class=\"img-inner dark\" >\n\t\t\t<img loading=\"lazy\" decoding=\"async\" width=\"533\" height=\"800\" src=\"https:\/\/customs.pgwear.net\/wp-content\/uploads\/2025\/05\/GFXF5723_2-533x800.jpg\" class=\"attachment-large size-large\" alt=\"\" srcset=\"https:\/\/customs.pgwear.net\/wp-content\/uploads\/2025\/05\/GFXF5723_2-533x800.jpg 533w, https:\/\/customs.pgwear.net\/wp-content\/uploads\/2025\/05\/GFXF5723_2-267x400.jpg 267w, https:\/\/customs.pgwear.net\/wp-content\/uploads\/2025\/05\/GFXF5723_2-768x1152.jpg 768w, https:\/\/customs.pgwear.net\/wp-content\/uploads\/2025\/05\/GFXF5723_2-1024x1536.jpg 1024w, https:\/\/customs.pgwear.net\/wp-content\/uploads\/2025\/05\/GFXF5723_2-1366x2048.jpg 1366w, https:\/\/customs.pgwear.net\/wp-content\/uploads\/2025\/05\/GFXF5723_2-scaled.jpg 1707w\" sizes=\"auto, (max-width: 533px) 100vw, 533px\" \/>\t\t\t\t\t\t\n\t\t\t\t\t<\/div>\n\t\t\t\t\t\t\t\t\n<style>\n#image_1430147761 {\n  width: 100%;\n}\n<\/style>\n\t<\/div>\n\t\n\t\t<\/div>\n\t\t\t\t\t<\/div>\n\n\t\n<\/div>\n\t\t<\/div>\n\n\t\t\n<style>\n#section_575104252 {\n  padding-top: 60px;\n  padding-bottom: 60px;\n  background-color: rgb(255,255,255);\n}\n<\/style>\n\t<\/section>\n\t\n\n\t<section class=\"section dark\" id=\"section_1836728355\">\n\t\t<div class=\"section-bg fill\" >\n\t\t\t\t\t\t\t\t\t\n\t\t\t\n\n\t\t<\/div>\n\n\t\t\t<div class=\"ux-shape-divider ux-shape-divider--top ux-shape-divider--style-waves-opacity\">\n\t\t<svg viewBox=\"0 0 1000 300\" xmlns=\"http:\/\/www.w3.org\/2000\/svg\" preserveAspectRatio=\"none\">\n    <path class=\"ux-shape-fill\" d=\"M0 300L-1 69.71C216 57 299.47 198.86 403 226C506 253 577 196 660 197C740 198 790.09 234.07 874 267C935.23 291 982 282.61 1000 277.61V300H0Z\"\/>\n    <path class=\"ux-shape-fill\" opacity=\"0.5\" d=\"M1 265.094L0 50.5C217 37.79 300.47 186.36 404 213.5C507 240.5 578 196.5 661 197.5C741 198.5 787.59 239.57 871.5 272.5C932.73 296.5 980.5 284.5 998.5 279.5V298.5L1 265.094Z\"\/>\n    <path class=\"ux-shape-fill\" opacity=\"0.15\" d=\"M0.999878 244.094L-0.00012207 27C217 14.29 300.47 173.86 404 201C507 228 578 196 661 197C741 198 787.59 243.07 871.5 276C932.73 300 980.5 284.5 998.5 279.5V299L0.999878 244.094Z\"\/>\n<\/svg>\n\n\t<\/div>\n\n\n\t\t<div class=\"section-content relative\">\n\t\t\t\n<div class=\"row row-collapse align-middle align-center\"  id=\"row-1030306993\">\n\n\t<div id=\"col-612152045\" class=\"col medium-10 small-11 large-5\"  >\n\t\t\t\t<div class=\"col-inner text-left\"  >\n\t\t\t\n\t\t\t\n\t<div class=\"img has-hover x md-x lg-x y md-y lg-y\" id=\"image_1642643490\">\n\t\t\t\t\t\t\t\t<div class=\"img-inner box-shadow-4 dark\" >\n\t\t\t<img loading=\"lazy\" decoding=\"async\" width=\"1020\" height=\"680\" src=\"https:\/\/customs.pgwear.net\/wp-content\/uploads\/2023\/03\/pgwear-39-1200x800.jpg\" class=\"attachment-large size-large\" alt=\"\" srcset=\"https:\/\/customs.pgwear.net\/wp-content\/uploads\/2023\/03\/pgwear-39-1200x800.jpg 1200w, https:\/\/customs.pgwear.net\/wp-content\/uploads\/2023\/03\/pgwear-39-600x400.jpg 600w, https:\/\/customs.pgwear.net\/wp-content\/uploads\/2023\/03\/pgwear-39-768x512.jpg 768w, https:\/\/customs.pgwear.net\/wp-content\/uploads\/2023\/03\/pgwear-39-1536x1024.jpg 1536w, https:\/\/customs.pgwear.net\/wp-content\/uploads\/2023\/03\/pgwear-39-2048x1365.jpg 2048w\" sizes=\"auto, (max-width: 1020px) 100vw, 1020px\" \/>\t\t\t\t\t\t\n\t\t\t\t\t<\/div>\n\t\t\t\t\t\t\t\t\n<style>\n#image_1642643490 {\n  width: 100%;\n}\n<\/style>\n\t<\/div>\n\t\n\t\t<\/div>\n\t\t\t\t\t<\/div>\n\n\t\n\n\t<div id=\"col-1146230960\" class=\"col medium-10 small-11 large-7\"  >\n\t\t\t\t<div class=\"col-inner text-left\"  >\n\t\t\t\n\t\t\t\n<h1>PGWEAR Designers Studio<\/h1>\n<p class=\"lead\" style=\"text-align: left;\">El estudio de dise\u00f1o gr\u00e1fico PGWEAR Customs es una combinaci\u00f3n de pasi\u00f3n, conocimientos t\u00e9cnicos, experiencia y colaboraci\u00f3n, que hace que cada proyecto de confecci\u00f3n sea \u00fanico. \u00a1P\u00f3ngase en contacto con nosotros ahora para dise\u00f1ar ropa para su club y grupo! <\/p>\n<a href=\"https:\/\/customs.pgwear.net\/es\/pida\/\" class=\"button alert is-small box-shadow-2\" style=\"border-radius:10px;padding:15px 30px 15px 30px;\">\n\t\t<span>Visualizaci\u00f3n gratuita<\/span>\n\t<\/a>\n\n<a href=\"https:\/\/customs.pgwear.net\/es\/pongase-en-contacto-con-nosotros\/\" class=\"button white is-outline is-small box-shadow-2\" style=\"border-radius:10px;padding:15px 30px 15px 30px;\">\n\t\t<span>Contacto<\/span>\n\t<\/a>\n\n\t\t<\/div>\n\t\t\t\t\t<\/div>\n\n\t\n\n<style>\n#row-1030306993 > .col > .col-inner {\n  padding: 91px 20px 63px 41px;\n}\n<\/style>\n<\/div>\n\t\t<\/div>\n\n\t\t\n<style>\n#section_1836728355 {\n  padding-top: 60px;\n  padding-bottom: 60px;\n  background-color: rgb(0,0,0);\n}\n#section_1836728355 .ux-shape-divider--top svg {\n  height: 50px;\n  --divider-top-width: 100%;\n}\n@media (min-width:550px) {\n  #section_1836728355 .ux-shape-divider--top svg {\n    height: 150px;\n  }\n}\n<\/style>\n\t<\/section>\n\t\n","protected":false},"excerpt":{"rendered":"","protected":false},"author":1,"featured_media":0,"parent":0,"menu_order":0,"comment_status":"closed","ping_status":"closed","template":"page-blank.php","meta":{"_acf_changed":false,"footnotes":""},"class_list":["post-51041","page","type-page","status-publish","hentry"],"acf":[],"_links":{"self":[{"href":"https:\/\/customs.pgwear.net\/es\/wp-json\/wp\/v2\/pages\/51041","targetHints":{"allow":["GET"]}}],"collection":[{"href":"https:\/\/customs.pgwear.net\/es\/wp-json\/wp\/v2\/pages"}],"about":[{"href":"https:\/\/customs.pgwear.net\/es\/wp-json\/wp\/v2\/types\/page"}],"author":[{"embeddable":true,"href":"https:\/\/customs.pgwear.net\/es\/wp-json\/wp\/v2\/users\/1"}],"replies":[{"embeddable":true,"href":"https:\/\/customs.pgwear.net\/es\/wp-json\/wp\/v2\/comments?post=51041"}],"version-history":[{"count":8,"href":"https:\/\/customs.pgwear.net\/es\/wp-json\/wp\/v2\/pages\/51041\/revisions"}],"predecessor-version":[{"id":51058,"href":"https:\/\/customs.pgwear.net\/es\/wp-json\/wp\/v2\/pages\/51041\/revisions\/51058"}],"wp:attachment":[{"href":"https:\/\/customs.pgwear.net\/es\/wp-json\/wp\/v2\/media?parent=51041"}],"curies":[{"name":"wp","href":"https:\/\/api.w.org\/{rel}","templated":true}]}}