{"id":50590,"date":"2022-11-30T02:09:49","date_gmt":"2022-11-30T01:09:49","guid":{"rendered":"https:\/\/customs.pgwear.net\/realisations\/les-ecussons\/"},"modified":"2025-03-27T14:47:55","modified_gmt":"2025-03-27T13:47:55","slug":"les-ecussons","status":"publish","type":"page","link":"https:\/\/customs.pgwear.net\/fr\/realisations\/les-ecussons\/","title":{"rendered":"Les \u00e9cussons"},"content":{"rendered":"\n\n\t<section class=\"section dark\" id=\"section_877418302\">\n\t\t<div class=\"section-bg fill\" >\n\t\t\t\t\t\t\t\t\t\n\t\t\t\n\n\t\t<\/div>\n\n\t\t\n\n\t\t<div class=\"section-content relative\">\n\t\t\t\r\n\r\n<div class=\"row row-collapse align-center\"  id=\"row-242005726\">\r\n\r\n\n\t<div id=\"col-274319301\" class=\"col medium-8 small-10 large-9\"  >\n\t\t\t\t<div class=\"col-inner text-center\"  >\n\t\t\t\n\t\t\t\r\n\r\n  <div id=\"page-header-323436436\" class=\"page-header-wrapper\">\n  <div class=\"page-title dark simple-title\">\n\n    \n    <div class=\"page-title-inner container align-center text-center flex-row-col medium-flex-wrap\" >\n              <div class=\"title-wrapper uppercase is-large flex-col\">\n          <h1 class=\"entry-title mb-0\">\n            Les \u00e9cussons          <\/h1>\n        <\/div>\n                    <div class=\"title-content flex-col\">\n        <div class=\"title-breadcrumbs pb-half pt-half\"><\/div>      <\/div>\n    <\/div>\n\n       <\/div>\n    <\/div>\n  \r\n\r\n\n\t\t<div class=\"tabbed-content\">\n\t\t\t\n\t\t\t<ul class=\"nav nav-line nav-uppercase nav-size-xlarge nav-center\" role=\"tablist\"><li id=\"tab-4241437269\" class=\"tab active has-icon\" role=\"presentation\"><a href=\"#tab_4241437269\" role=\"tab\" aria-selected=\"true\" aria-controls=\"tab_4241437269\"><span><\/span><\/a><\/li>\n<li id=\"tab-filtre\" class=\"tab has-icon\" role=\"presentation\"><a href=\"#tab_filtre\" tabindex=\"-1\" role=\"tab\" aria-selected=\"false\" aria-controls=\"tab_filtre\"><span>Filtre<\/span><\/a><\/li><\/ul><div class=\"tab-panels\"><div id=\"tab_4241437269\" class=\"panel active entry-content\" role=\"tabpanel\" aria-labelledby=\"tab-4241437269\">\r\n\r\n\r\n<\/div>\n<div id=\"tab_filtre\" class=\"panel entry-content\" role=\"tabpanel\" aria-labelledby=\"tab-filtre\">\r\n\r\n<div class=\"row align-center\"  id=\"row-2072284293\">\r\n\r\n\n\t<div id=\"col-1704217073\" class=\"col medium-4 small-12 large-4\"  >\n\t\t\t\t<div class=\"col-inner\"  >\n\t\t\t\n\t\t\t\r\n\r\n\t<div class=\"ux-menu stack stack-col justify-start ux-menu--divider-solid\">\n\t\t\r\n\r\n\t<div class=\"ux-menu-link flex menu-item\">\n\t\t<a class=\"ux-menu-link__link flex\" href=\"https:\/\/customs.pgwear.net\/realizacje\/bluzy\/\" >\n\t\t\t\t\t\t<span class=\"ux-menu-link__text\">\n\t\t\t\tSweatshirts\t\t\t<\/span>\n\t\t<\/a>\n\t<\/div>\n\t\r\n\r\n\t<div class=\"ux-menu-link flex menu-item\">\n\t\t<a class=\"ux-menu-link__link flex\" href=\"https:\/\/customs.pgwear.net\/realizacje\/kurtki\/\" >\n\t\t\t\t\t\t<span class=\"ux-menu-link__text\">\n\t\t\t\tVestes\t\t\t<\/span>\n\t\t<\/a>\n\t<\/div>\n\t\r\n\r\n\t<div class=\"ux-menu-link flex menu-item\">\n\t\t<a class=\"ux-menu-link__link flex\" href=\"https:\/\/customs.pgwear.net\/realizacje\/t-shirty\/\" >\n\t\t\t\t\t\t<span class=\"ux-menu-link__text\">\n\t\t\t\tT-shirts\t\t\t<\/span>\n\t\t<\/a>\n\t<\/div>\n\t\r\n\r\n\t<div class=\"ux-menu-link flex menu-item\">\n\t\t<a class=\"ux-menu-link__link flex\" href=\"https:\/\/customs.pgwear.net\/realizacje\/spodenki\/\" >\n\t\t\t\t\t\t<span class=\"ux-menu-link__text\">\n\t\t\t\tShorts\t\t\t<\/span>\n\t\t<\/a>\n\t<\/div>\n\t\r\n\r\n\r\n\t<\/div>\n\t\r\n\r\n\t\t<\/div>\n\t\t\t\t\t<\/div>\n\n\t\r\n\n\t<div id=\"col-111331161\" class=\"col medium-4 small-12 large-4\"  >\n\t\t\t\t<div class=\"col-inner\"  >\n\t\t\t\n\t\t\t\r\n\r\n\t<div class=\"ux-menu stack stack-col justify-start ux-menu--divider-solid\">\n\t\t\r\n\r\n\t<div class=\"ux-menu-link flex menu-item\">\n\t\t<a class=\"ux-menu-link__link flex\" href=\"https:\/\/customs.pgwear.net\/realizacje\/spodnie\/\" >\n\t\t\t\t\t\t<span class=\"ux-menu-link__text\">\n\t\t\t\tPantalon\t\t\t<\/span>\n\t\t<\/a>\n\t<\/div>\n\t\r\n\r\n\t<div class=\"ux-menu-link flex menu-item\">\n\t\t<a class=\"ux-menu-link__link flex\" href=\"https:\/\/customs.pgwear.net\/realizacje\/czapki\/\" >\n\t\t\t\t\t\t<span class=\"ux-menu-link__text\">\n\t\t\t\tCasquettes\t\t\t<\/span>\n\t\t<\/a>\n\t<\/div>\n\t\r\n\r\n\t<div class=\"ux-menu-link flex menu-item\">\n\t\t<a class=\"ux-menu-link__link flex\" href=\"https:\/\/customs.pgwear.net\/realizacje\/szaliki\/\" >\n\t\t\t\t\t\t<span class=\"ux-menu-link__text\">\n\t\t\t\tFoulards\t\t\t<\/span>\n\t\t<\/a>\n\t<\/div>\n\t\r\n\r\n\t<div class=\"ux-menu-link flex menu-item\">\n\t\t<a class=\"ux-menu-link__link flex\" href=\"https:\/\/customs.pgwear.net\/realizacje\/polo\/\" >\n\t\t\t\t\t\t<span class=\"ux-menu-link__text\">\n\t\t\t\tPolo\t\t\t<\/span>\n\t\t<\/a>\n\t<\/div>\n\t\r\n\r\n\r\n\t<\/div>\n\t\r\n\r\n\t\t<\/div>\n\t\t\t\t\t<\/div>\n\n\t\r\n\n\t<div id=\"col-1203470886\" class=\"col medium-4 small-12 large-4\"  >\n\t\t\t\t<div class=\"col-inner\"  >\n\t\t\t\n\t\t\t\r\n\r\n\t<div class=\"ux-menu stack stack-col justify-start ux-menu--divider-solid\">\n\t\t\r\n\r\n\t<div class=\"ux-menu-link flex menu-item\">\n\t\t<a class=\"ux-menu-link__link flex\" href=\"https:\/\/customs.pgwear.net\/realizacje\/naszywki\/\" >\n\t\t\t\t\t\t<span class=\"ux-menu-link__text\">\n\t\t\t\tLes \u00e9cussons\t\t\t<\/span>\n\t\t<\/a>\n\t<\/div>\n\t\r\n\r\n\t<div class=\"ux-menu-link flex menu-item\">\n\t\t<a class=\"ux-menu-link__link flex\" href=\"https:\/\/customs.pgwear.net\/realizacje\/plecaki\/\" >\n\t\t\t\t\t\t<span class=\"ux-menu-link__text\">\n\t\t\t\tSacs \u00e0 dos et sacs\t\t\t<\/span>\n\t\t<\/a>\n\t<\/div>\n\t\r\n\r\n\t<div class=\"ux-menu-link flex menu-item\">\n\t\t<a class=\"ux-menu-link__link flex\" href=\"https:\/\/customs.pgwear.net\/realizacje\/akcesoria\/\" >\n\t\t\t\t\t\t<span class=\"ux-menu-link__text\">\n\t\t\t\tAccessoires\t\t\t<\/span>\n\t\t<\/a>\n\t<\/div>\n\t\r\n\r\n\t<div class=\"ux-menu-link flex menu-item\">\n\t\t<a class=\"ux-menu-link__link flex\" href=\"https:\/\/customs.pgwear.net\/realizacje\/kominiarki\/\" >\n\t\t\t\t\t\t<span class=\"ux-menu-link__text\">\n\t\t\t\tCagoules\t\t\t<\/span>\n\t\t<\/a>\n\t<\/div>\n\t\r\n\r\n\r\n\t<\/div>\n\t\r\n\r\n\t\t<\/div>\n\t\t\t\t\t<\/div>\n\n\t\r\n\n\t<div id=\"col-1628553996\" class=\"col medium-8 small-12 large-8\"  >\n\t\t\t\t<div class=\"col-inner\"  >\n\t\t\t\n\t\t\t\r\n\r\n\t<div id=\"text-2997154594\" class=\"text\">\n\t\t\r\n\r\nNous respectons votre vie priv\u00e9e. Nous ne publions les r\u00e9alisations qu'avec l'accord des donneurs d'ordre. La galerie ci-dessous ne repr\u00e9sente qu'une petite partie de nos r\u00e9alisations. Les produits pr\u00e9sent\u00e9s ne sont pas \u00e0 vendre.\r\n\t\t\n<style>\n#text-2997154594 {\n  font-size: 0.75rem;\n}\n<\/style>\n\t<\/div>\n\t\r\n\r\n\t\t<\/div>\n\t\t\t\t\n<style>\n#col-1628553996 > .col-inner {\n  padding: 0px 10px 0px 10px;\n}\n<\/style>\n\t<\/div>\n\n\t\r\n\r\n<\/div>\r\n\r\n<\/div><\/div><\/div>\r\n\r\n\t\t<\/div>\n\t\t\t\t\t<\/div>\n\n\t\r\n\r\n<\/div>\r\n\t<div id=\"gap-1189983717\" class=\"gap-element clearfix\" style=\"display:block; height:auto;\">\n\t\t\n<style>\n#gap-1189983717 {\n  padding-top: 15px;\n}\n<\/style>\n\t<\/div>\n\t\r\n\r\n\t<div id=\"gap-896009083\" class=\"gap-element clearfix\" style=\"display:block; height:auto;\">\n\t\t\n<style>\n#gap-896009083 {\n  padding-top: 30px;\n}\n<\/style>\n\t<\/div>\n\t\r\n\r\n\r\n\t\t<\/div>\n\n\t\t\n<style>\n#section_877418302 {\n  padding-top: 100px;\n  padding-bottom: 100px;\n}\n@media (min-width:550px) {\n  #section_877418302 {\n    padding-top: 120px;\n    padding-bottom: 120px;\n  }\n}\n@media (min-width:850px) {\n  #section_877418302 {\n    padding-top: 18px;\n    padding-bottom: 18px;\n  }\n}\n<\/style>\n\t<\/section>\n\t\n\n\n\t<section class=\"section\" id=\"section_2114144522\">\n\t\t<div class=\"section-bg fill\" >\n\t\t\t\t\t\t\t\t\t\n\t\t\t\n\n\t\t<\/div>\n\n\t\t\n\n\t\t<div class=\"section-content relative\">\n\t\t\t\n\n<div class=\"row row-collapse row-full-width\"  id=\"row-1783747060\">\n\n\n\t<div id=\"col-855720883\" class=\"col small-12 large-12\"  >\n\t\t\t\t<div class=\"col-inner text-center\"  >\n\t\t\t\n\t\t\t\n\n\n  \n    <div id=\"gallery-2055810623\" class=\"row large-columns-3 medium-columns- small-columns-2 row-collapse row-full-width row-masonry\" data-packery-options='{\"itemSelector\": \".col\", \"gutter\": 0, \"presentageWidth\" : true}'>\n\n  <div class=\"gallery-col col\" >\r\n          <div class=\"col-inner\">\r\n            <a class=\"image-lightbox lightbox-gallery\" href=\"https:\/\/customs.pgwear.net\/wp-content\/uploads\/2022\/11\/20150605-6big.jpg\" title=\"\">            <div class=\"box has-hover gallery-box box-overlay dark\">\r\n              <div class=\"box-image\" >\r\n                <img loading=\"lazy\" decoding=\"async\" width=\"800\" height=\"800\" src=\"https:\/\/customs.pgwear.net\/wp-content\/uploads\/2022\/11\/20150605-6big-800x800.jpg\" class=\"attachment-large size-large\" alt=\"\" ids=\"25520,25519,26009,26006,25740,25701\" lightbox_image_size=\"original\" type=\"masonry\" col_spacing=\"collapse\" columns=\"3\" image_size=\"large\" srcset=\"https:\/\/customs.pgwear.net\/wp-content\/uploads\/2022\/11\/20150605-6big-800x800.jpg 800w, https:\/\/customs.pgwear.net\/wp-content\/uploads\/2022\/11\/20150605-6big-400x400.jpg 400w, https:\/\/customs.pgwear.net\/wp-content\/uploads\/2022\/11\/20150605-6big-280x280.jpg 280w, https:\/\/customs.pgwear.net\/wp-content\/uploads\/2022\/11\/20150605-6big-768x768.jpg 768w, https:\/\/customs.pgwear.net\/wp-content\/uploads\/2022\/11\/20150605-6big-1536x1536.jpg 1536w, https:\/\/customs.pgwear.net\/wp-content\/uploads\/2022\/11\/20150605-6big.jpg 2000w\" sizes=\"auto, (max-width: 800px) 100vw, 800px\" \/>                                  <div class=\"overlay fill\"\r\n                      style=\"background-color: rgba(0,0,0,.15)\">\r\n                  <\/div>\r\n                                                              <\/div>\r\n              <div class=\"box-text text-left\" >\r\n                 <p><\/p>\r\n              <\/div>\r\n            <\/div>\r\n            <\/a>          <\/div>\r\n         <\/div><div class=\"gallery-col col\" >\r\n          <div class=\"col-inner\">\r\n            <a class=\"image-lightbox lightbox-gallery\" href=\"https:\/\/customs.pgwear.net\/wp-content\/uploads\/2022\/11\/20150605-5big.jpg\" title=\"\">            <div class=\"box has-hover gallery-box box-overlay dark\">\r\n              <div class=\"box-image\" >\r\n                <img loading=\"lazy\" decoding=\"async\" width=\"800\" height=\"800\" src=\"https:\/\/customs.pgwear.net\/wp-content\/uploads\/2022\/11\/20150605-5big-800x800.jpg\" class=\"attachment-large size-large\" alt=\"\" ids=\"25520,25519,26009,26006,25740,25701\" lightbox_image_size=\"original\" type=\"masonry\" col_spacing=\"collapse\" columns=\"3\" image_size=\"large\" srcset=\"https:\/\/customs.pgwear.net\/wp-content\/uploads\/2022\/11\/20150605-5big-800x800.jpg 800w, https:\/\/customs.pgwear.net\/wp-content\/uploads\/2022\/11\/20150605-5big-400x400.jpg 400w, https:\/\/customs.pgwear.net\/wp-content\/uploads\/2022\/11\/20150605-5big-280x280.jpg 280w, https:\/\/customs.pgwear.net\/wp-content\/uploads\/2022\/11\/20150605-5big-768x768.jpg 768w, https:\/\/customs.pgwear.net\/wp-content\/uploads\/2022\/11\/20150605-5big-1536x1536.jpg 1536w, https:\/\/customs.pgwear.net\/wp-content\/uploads\/2022\/11\/20150605-5big.jpg 2000w\" sizes=\"auto, (max-width: 800px) 100vw, 800px\" \/>                                  <div class=\"overlay fill\"\r\n                      style=\"background-color: rgba(0,0,0,.15)\">\r\n                  <\/div>\r\n                                                              <\/div>\r\n              <div class=\"box-text text-left\" >\r\n                 <p><\/p>\r\n              <\/div>\r\n            <\/div>\r\n            <\/a>          <\/div>\r\n         <\/div><div class=\"gallery-col col\" >\r\n          <div class=\"col-inner\">\r\n            <a class=\"image-lightbox lightbox-gallery\" href=\"https:\/\/customs.pgwear.net\/wp-content\/uploads\/2022\/11\/DSC_3832-scaled.jpg\" title=\"\">            <div class=\"box has-hover gallery-box box-overlay dark\">\r\n              <div class=\"box-image\" >\r\n                <img loading=\"lazy\" decoding=\"async\" width=\"800\" height=\"800\" src=\"https:\/\/customs.pgwear.net\/wp-content\/uploads\/2022\/11\/DSC_3832-800x800.jpg\" class=\"attachment-large size-large\" alt=\"\" ids=\"25520,25519,26009,26006,25740,25701\" lightbox_image_size=\"original\" type=\"masonry\" col_spacing=\"collapse\" columns=\"3\" image_size=\"large\" srcset=\"https:\/\/customs.pgwear.net\/wp-content\/uploads\/2022\/11\/DSC_3832-800x800.jpg 800w, https:\/\/customs.pgwear.net\/wp-content\/uploads\/2022\/11\/DSC_3832-400x400.jpg 400w, https:\/\/customs.pgwear.net\/wp-content\/uploads\/2022\/11\/DSC_3832-280x280.jpg 280w, https:\/\/customs.pgwear.net\/wp-content\/uploads\/2022\/11\/DSC_3832-768x768.jpg 768w, https:\/\/customs.pgwear.net\/wp-content\/uploads\/2022\/11\/DSC_3832-1536x1536.jpg 1536w, https:\/\/customs.pgwear.net\/wp-content\/uploads\/2022\/11\/DSC_3832-2048x2048.jpg 2048w\" sizes=\"auto, (max-width: 800px) 100vw, 800px\" \/>                                  <div class=\"overlay fill\"\r\n                      style=\"background-color: rgba(0,0,0,.15)\">\r\n                  <\/div>\r\n                                                              <\/div>\r\n              <div class=\"box-text text-left\" >\r\n                 <p><\/p>\r\n              <\/div>\r\n            <\/div>\r\n            <\/a>          <\/div>\r\n         <\/div><div class=\"gallery-col col\" >\r\n          <div class=\"col-inner\">\r\n            <a class=\"image-lightbox lightbox-gallery\" href=\"https:\/\/customs.pgwear.net\/wp-content\/uploads\/2022\/11\/DSC_3826-scaled.jpg\" title=\"\">            <div class=\"box has-hover gallery-box box-overlay dark\">\r\n              <div class=\"box-image\" >\r\n                <img loading=\"lazy\" decoding=\"async\" width=\"800\" height=\"800\" src=\"https:\/\/customs.pgwear.net\/wp-content\/uploads\/2022\/11\/DSC_3826-800x800.jpg\" class=\"attachment-large size-large\" alt=\"\" ids=\"25520,25519,26009,26006,25740,25701\" lightbox_image_size=\"original\" type=\"masonry\" col_spacing=\"collapse\" columns=\"3\" image_size=\"large\" srcset=\"https:\/\/customs.pgwear.net\/wp-content\/uploads\/2022\/11\/DSC_3826-800x800.jpg 800w, https:\/\/customs.pgwear.net\/wp-content\/uploads\/2022\/11\/DSC_3826-400x400.jpg 400w, https:\/\/customs.pgwear.net\/wp-content\/uploads\/2022\/11\/DSC_3826-280x280.jpg 280w, https:\/\/customs.pgwear.net\/wp-content\/uploads\/2022\/11\/DSC_3826-768x768.jpg 768w, https:\/\/customs.pgwear.net\/wp-content\/uploads\/2022\/11\/DSC_3826-1536x1536.jpg 1536w, https:\/\/customs.pgwear.net\/wp-content\/uploads\/2022\/11\/DSC_3826-2048x2048.jpg 2048w\" sizes=\"auto, (max-width: 800px) 100vw, 800px\" \/>                                  <div class=\"overlay fill\"\r\n                      style=\"background-color: rgba(0,0,0,.15)\">\r\n                  <\/div>\r\n                                                              <\/div>\r\n              <div class=\"box-text text-left\" >\r\n                 <p>Bas\u00e9 sur le mod\u00e8le: SW02<\/p>\r\n              <\/div>\r\n            <\/div>\r\n            <\/a>          <\/div>\r\n         <\/div><div class=\"gallery-col col\" >\r\n          <div class=\"col-inner\">\r\n            <a class=\"image-lightbox lightbox-gallery\" href=\"https:\/\/customs.pgwear.net\/wp-content\/uploads\/2022\/11\/20161103-2big.jpg\" title=\"\">            <div class=\"box has-hover gallery-box box-overlay dark\">\r\n              <div class=\"box-image\" >\r\n                <img loading=\"lazy\" decoding=\"async\" width=\"800\" height=\"800\" src=\"https:\/\/customs.pgwear.net\/wp-content\/uploads\/2022\/11\/20161103-2big-800x800.jpg\" class=\"attachment-large size-large\" alt=\"\" ids=\"25520,25519,26009,26006,25740,25701\" lightbox_image_size=\"original\" type=\"masonry\" col_spacing=\"collapse\" columns=\"3\" image_size=\"large\" srcset=\"https:\/\/customs.pgwear.net\/wp-content\/uploads\/2022\/11\/20161103-2big-800x800.jpg 800w, https:\/\/customs.pgwear.net\/wp-content\/uploads\/2022\/11\/20161103-2big-400x400.jpg 400w, https:\/\/customs.pgwear.net\/wp-content\/uploads\/2022\/11\/20161103-2big-280x280.jpg 280w, https:\/\/customs.pgwear.net\/wp-content\/uploads\/2022\/11\/20161103-2big-768x768.jpg 768w, https:\/\/customs.pgwear.net\/wp-content\/uploads\/2022\/11\/20161103-2big-1536x1536.jpg 1536w, https:\/\/customs.pgwear.net\/wp-content\/uploads\/2022\/11\/20161103-2big.jpg 2000w\" sizes=\"auto, (max-width: 800px) 100vw, 800px\" \/>                                  <div class=\"overlay fill\"\r\n                      style=\"background-color: rgba(0,0,0,.15)\">\r\n                  <\/div>\r\n                                                              <\/div>\r\n              <div class=\"box-text text-left\" >\r\n                 <p><\/p>\r\n              <\/div>\r\n            <\/div>\r\n            <\/a>          <\/div>\r\n         <\/div><div class=\"gallery-col col\" >\r\n          <div class=\"col-inner\">\r\n            <a class=\"image-lightbox lightbox-gallery\" href=\"https:\/\/customs.pgwear.net\/wp-content\/uploads\/2022\/11\/20160425-11big.jpg\" title=\"\">            <div class=\"box has-hover gallery-box box-overlay dark\">\r\n              <div class=\"box-image\" >\r\n                <img loading=\"lazy\" decoding=\"async\" width=\"800\" height=\"800\" src=\"https:\/\/customs.pgwear.net\/wp-content\/uploads\/2022\/11\/20160425-11big-800x800.jpg\" class=\"attachment-large size-large\" alt=\"\" ids=\"25520,25519,26009,26006,25740,25701\" lightbox_image_size=\"original\" type=\"masonry\" col_spacing=\"collapse\" columns=\"3\" image_size=\"large\" srcset=\"https:\/\/customs.pgwear.net\/wp-content\/uploads\/2022\/11\/20160425-11big-800x800.jpg 800w, https:\/\/customs.pgwear.net\/wp-content\/uploads\/2022\/11\/20160425-11big-400x400.jpg 400w, https:\/\/customs.pgwear.net\/wp-content\/uploads\/2022\/11\/20160425-11big-280x280.jpg 280w, https:\/\/customs.pgwear.net\/wp-content\/uploads\/2022\/11\/20160425-11big-768x768.jpg 768w, https:\/\/customs.pgwear.net\/wp-content\/uploads\/2022\/11\/20160425-11big-1536x1536.jpg 1536w, https:\/\/customs.pgwear.net\/wp-content\/uploads\/2022\/11\/20160425-11big.jpg 2000w\" sizes=\"auto, (max-width: 800px) 100vw, 800px\" \/>                                  <div class=\"overlay fill\"\r\n                      style=\"background-color: rgba(0,0,0,.15)\">\r\n                  <\/div>\r\n                                                              <\/div>\r\n              <div class=\"box-text text-left\" >\r\n                 <p>Bas\u00e9 sur le mod\u00e8le: SR05<\/p>\r\n              <\/div>\r\n            <\/div>\r\n            <\/a>          <\/div>\r\n         <\/div><\/div>\n\n\n\t\t<\/div>\n\t\t\t\t\t<\/div>\n\n\t\n\n<\/div>\n\n\t\t<\/div>\n\n\t\t\n<style>\n#section_2114144522 {\n  padding-top: 0px;\n  padding-bottom: 0px;\n}\n<\/style>\n\t<\/section>\n\t\n","protected":false},"excerpt":{"rendered":"","protected":false},"author":1,"featured_media":0,"parent":50581,"menu_order":0,"comment_status":"closed","ping_status":"closed","template":"page-blank.php","meta":{"_acf_changed":false,"footnotes":""},"class_list":["post-50590","page","type-page","status-publish","hentry"],"acf":[],"_links":{"self":[{"href":"https:\/\/customs.pgwear.net\/fr\/wp-json\/wp\/v2\/pages\/50590","targetHints":{"allow":["GET"]}}],"collection":[{"href":"https:\/\/customs.pgwear.net\/fr\/wp-json\/wp\/v2\/pages"}],"about":[{"href":"https:\/\/customs.pgwear.net\/fr\/wp-json\/wp\/v2\/types\/page"}],"author":[{"embeddable":true,"href":"https:\/\/customs.pgwear.net\/fr\/wp-json\/wp\/v2\/users\/1"}],"replies":[{"embeddable":true,"href":"https:\/\/customs.pgwear.net\/fr\/wp-json\/wp\/v2\/comments?post=50590"}],"version-history":[{"count":1,"href":"https:\/\/customs.pgwear.net\/fr\/wp-json\/wp\/v2\/pages\/50590\/revisions"}],"predecessor-version":[{"id":50591,"href":"https:\/\/customs.pgwear.net\/fr\/wp-json\/wp\/v2\/pages\/50590\/revisions\/50591"}],"up":[{"embeddable":true,"href":"https:\/\/customs.pgwear.net\/fr\/wp-json\/wp\/v2\/pages\/50581"}],"wp:attachment":[{"href":"https:\/\/customs.pgwear.net\/fr\/wp-json\/wp\/v2\/media?parent=50590"}],"curies":[{"name":"wp","href":"https:\/\/api.w.org\/{rel}","templated":true}]}}