{"id":50609,"date":"2023-03-10T09:37:37","date_gmt":"2023-03-10T08:37:37","guid":{"rendered":"https:\/\/customs.pgwear.net\/la-commande-a-ete-expediee\/"},"modified":"2023-03-10T09:37:37","modified_gmt":"2023-03-10T08:37:37","slug":"la-commande-a-ete-expediee","status":"publish","type":"page","link":"https:\/\/customs.pgwear.net\/fr\/la-commande-a-ete-expediee\/","title":{"rendered":"La commande a \u00e9t\u00e9 exp\u00e9di\u00e9e"},"content":{"rendered":"\n\t<section class=\"section dark\" id=\"section_1458645027\">\n\t\t<div class=\"section-bg fill\" >\n\t\t\t<img loading=\"lazy\" decoding=\"async\" width=\"2560\" height=\"1707\" src=\"https:\/\/customs.pgwear.net\/wp-content\/uploads\/2022\/11\/pgwear-19-scaled.jpg\" class=\"bg attachment- size-\" alt=\"\" \/>\t\t\t\t\t\t<div class=\"section-bg-overlay absolute fill\"><\/div>\n\t\t\t\n\n\t\t<\/div>\n\n\t\t\n\n\t\t<div class=\"section-content relative\">\n\t\t\t\r\n\r\n\t<div id=\"gap-1566109675\" class=\"gap-element clearfix\" style=\"display:block; height:auto;\">\n\t\t\n<style>\n#gap-1566109675 {\n  padding-top: 30px;\n}\n<\/style>\n\t<\/div>\n\t\r\n\r\n\t<div id=\"text-411777236\" class=\"text\">\n\t\t\r\n<h3>Votre demande a \u00e9t\u00e9 accept\u00e9e<\/h3>\r\n\t\t\n<style>\n#text-411777236 {\n  font-size: 1.75rem;\n  line-height: 1.6;\n  text-align: center;\n}\n<\/style>\n\t<\/div>\n\t\r\n\t<div id=\"text-2089315363\" class=\"text\">\n\t\t\r\n\r\nVotre projet a \u00e9t\u00e9 soumis et nous commen\u00e7ons \u00e0 travailler dessus.\n\nSi vous avez d'autres questions :\r\n\r\n\t\t\n<style>\n#text-2089315363 {\n  text-align: center;\n}\n<\/style>\n\t<\/div>\n\t\r\n\t<div id=\"text-1962400054\" class=\"text\">\n\t\t\r\n<h2 class=\"uppercase\">+48 508 430 704<\/h2>\n<h2 class=\"uppercase\">customs@pgwear.net<\/h2>\r\n\t\t\n<style>\n#text-1962400054 {\n  text-align: center;\n}\n<\/style>\n\t<\/div>\n\t\r\n\r\n\t\t<\/div>\n\n\t\t\n<style>\n#section_1458645027 {\n  padding-top: 30px;\n  padding-bottom: 30px;\n  background-color: rgb(40, 40, 40);\n}\n#section_1458645027 .section-bg-overlay {\n  background-color: rgba(0, 0, 0, 0.599);\n}\n#section_1458645027 .section-bg img {\n  object-position: 29% 72%;\n}\n<\/style>\n\t<\/section>\n\t\n","protected":false},"excerpt":{"rendered":"","protected":false},"author":1,"featured_media":0,"parent":0,"menu_order":0,"comment_status":"closed","ping_status":"closed","template":"","meta":{"_acf_changed":false,"footnotes":""},"class_list":["post-50609","page","type-page","status-publish","hentry"],"acf":[],"_links":{"self":[{"href":"https:\/\/customs.pgwear.net\/fr\/wp-json\/wp\/v2\/pages\/50609","targetHints":{"allow":["GET"]}}],"collection":[{"href":"https:\/\/customs.pgwear.net\/fr\/wp-json\/wp\/v2\/pages"}],"about":[{"href":"https:\/\/customs.pgwear.net\/fr\/wp-json\/wp\/v2\/types\/page"}],"author":[{"embeddable":true,"href":"https:\/\/customs.pgwear.net\/fr\/wp-json\/wp\/v2\/users\/1"}],"replies":[{"embeddable":true,"href":"https:\/\/customs.pgwear.net\/fr\/wp-json\/wp\/v2\/comments?post=50609"}],"version-history":[{"count":0,"href":"https:\/\/customs.pgwear.net\/fr\/wp-json\/wp\/v2\/pages\/50609\/revisions"}],"wp:attachment":[{"href":"https:\/\/customs.pgwear.net\/fr\/wp-json\/wp\/v2\/media?parent=50609"}],"curies":[{"name":"wp","href":"https:\/\/api.w.org\/{rel}","templated":true}]}}