{"id":51047,"date":"2025-05-27T11:35:25","date_gmt":"2025-05-27T09:35:25","guid":{"rendered":"https:\/\/customs.pgwear.net\/designers-studio\/"},"modified":"2025-05-28T13:10:32","modified_gmt":"2025-05-28T11:10:32","slug":"designers-studio","status":"publish","type":"page","link":"https:\/\/customs.pgwear.net\/fr\/designers-studio\/","title":{"rendered":"Designers Studio"},"content":{"rendered":"\n\t<section class=\"section dark\" id=\"section_77081140\">\n\t\t<div class=\"section-bg fill\" >\n\t\t\t<img loading=\"lazy\" decoding=\"async\" width=\"2560\" height=\"1707\" src=\"https:\/\/customs.pgwear.net\/wp-content\/uploads\/2023\/03\/pgwear-39-scaled.jpg\" class=\"bg attachment- size-\" alt=\"\" \/>\t\t\t\t\t\t<div class=\"section-bg-overlay absolute fill\"><\/div>\n\t\t\t\n\n\t\t<\/div>\n\n\t\t\n\n\t\t<div class=\"section-content relative\">\n\t\t\t\n\t<div id=\"gap-54791076\" class=\"gap-element clearfix\" style=\"display:block; height:auto;\">\n\t\t\n<style>\n#gap-54791076 {\n  padding-top: 30px;\n}\n<\/style>\n\t<\/div>\n\t\n<div class=\"row align-middle\"  id=\"row-165791065\">\n\n\t<div id=\"col-1842403450\" class=\"col medium-12 small-12 large-6\"  >\n\t\t\t\t<div class=\"col-inner\"  >\n\t\t\t\n\t\t\t\n\t<div id=\"gap-2084766186\" class=\"gap-element clearfix hide-for-small\" style=\"display:block; height:auto;\">\n\t\t\n<style>\n#gap-2084766186 {\n  padding-top: 10px;\n}\n@media (min-width:850px) {\n  #gap-2084766186 {\n    padding-top: 30px;\n  }\n}\n<\/style>\n\t<\/div>\n\t\n\t<div id=\"text-1433527594\" class=\"text\">\n\t\t\n<h1>Solicite una vista previa gratuita<\/h1>\n\t\t\n<style>\n#text-1433527594 {\n  font-size: 1.75rem;\n  line-height: 1.5;\n}\n@media (min-width:550px) {\n  #text-1433527594 {\n    font-size: 2rem;\n  }\n}\n<\/style>\n\t<\/div>\n\t\n\t<div id=\"text-2606973397\" class=\"text\">\n\t\t\n<p class=\"lead\">Du concept \u00e0 la couleur et aux polices, en passant par la cr\u00e9ation de graphiques pour l&rsquo;impression, nous cr\u00e9ons des visuels <span class=\"fancy-underline\">gratuits<\/span> pour l&rsquo;approbation du client.<\/p>\n\t\t\n<style>\n#text-2606973397 {\n  font-size: 1rem;\n}\n<\/style>\n\t<\/div>\n\t\n\t<div id=\"gap-221313434\" class=\"gap-element clearfix\" style=\"display:block; height:auto;\">\n\t\t\n<style>\n#gap-221313434 {\n  padding-top: 10px;\n}\n<\/style>\n\t<\/div>\n\t\n<a href=\"#read\" class=\"button white\" style=\"border-radius:10px;padding:15px 30px 15px 30px;\">\n\t\t<span>En savoir plus<\/span>\n\t<\/a>\n\n<a href=\"https:\/\/customs.pgwear.net\/fr\/commande\/\" class=\"button alert\" style=\"border-radius:10px;padding:17px 30px 17px 30px;\">\n\t\t<span>Commande<\/span>\n\t<\/a>\n\n\t\t<\/div>\n\t\t\t\t\t<\/div>\n\n\t\n\n\t<div id=\"col-725125082\" class=\"col medium-12 small-12 large-6 medium-col-first\"  >\n\t\t\t\t<div class=\"col-inner\"  >\n\t\t\t\n\t\t\t\n\t<div class=\"img has-hover circle x md-x lg-x y md-y lg-y\" id=\"image_1286698313\">\n\t\t\t\t\t\t\t\t<div class=\"img-inner image-cover dark\" style=\"padding-top:100%;\">\n\t\t\t<img loading=\"lazy\" decoding=\"async\" width=\"800\" height=\"800\" src=\"https:\/\/customs.pgwear.net\/wp-content\/uploads\/2025\/05\/wizka-1-800x800.png\" class=\"attachment-large size-large\" alt=\"\" srcset=\"https:\/\/customs.pgwear.net\/wp-content\/uploads\/2025\/05\/wizka-1-800x800.png 800w, https:\/\/customs.pgwear.net\/wp-content\/uploads\/2025\/05\/wizka-1-400x400.png 400w, https:\/\/customs.pgwear.net\/wp-content\/uploads\/2025\/05\/wizka-1-280x280.png 280w, https:\/\/customs.pgwear.net\/wp-content\/uploads\/2025\/05\/wizka-1-768x768.png 768w, https:\/\/customs.pgwear.net\/wp-content\/uploads\/2025\/05\/wizka-1-1536x1536.png 1536w, https:\/\/customs.pgwear.net\/wp-content\/uploads\/2025\/05\/wizka-1.png 2000w\" sizes=\"auto, (max-width: 800px) 100vw, 800px\" \/>\t\t\t\t\t\t\n\t\t\t\t\t<\/div>\n\t\t\t\t\t\t\t\t\n<style>\n#image_1286698313 {\n  width: 60%;\n}\n@media (min-width:550px) {\n  #image_1286698313 {\n    width: 100%;\n  }\n}\n@media (min-width:850px) {\n  #image_1286698313 {\n    width: 100%;\n  }\n}\n<\/style>\n\t<\/div>\n\t\n\t\t<\/div>\n\t\t\t\t\t<\/div>\n\n\t\n<\/div>\n\t\t<\/div>\n\n\t\t\n<style>\n#section_77081140 {\n  padding-top: 20px;\n  padding-bottom: 20px;\n  background-color: rgb(234, 234, 234);\n}\n#section_77081140 .section-bg-overlay {\n  background-color: rgba(0, 0, 0, 0.715);\n}\n#section_77081140 .section-bg img {\n  object-position: 55% 49%;\n}\n@media (min-width:550px) {\n  #section_77081140 {\n    padding-top: 50px;\n    padding-bottom: 50px;\n  }\n}\n@media (min-width:850px) {\n  #section_77081140 {\n    padding-top: 70px;\n    padding-bottom: 70px;\n  }\n}\n<\/style>\n\t<\/section>\n\t\n<span class=\"scroll-to\" data-label=\"Scroll to: #read\" data-bullet=\"false\" data-link=\"#read\" data-title=\"read\"><a name=\"read\"><\/a><\/span>\n\n\t<section class=\"section dark\" id=\"section_975456467\">\n\t\t<div class=\"section-bg fill\" >\n\t\t\t\t\t\t\t\t\t\n\t\t\t\n\n\t\t<\/div>\n\n\t\t\n\t<div class=\"ux-shape-divider ux-shape-divider--bottom ux-shape-divider--style-waves-opacity-2\">\n\t\t<svg viewBox=\"0 0 1000 300\" xmlns=\"http:\/\/www.w3.org\/2000\/svg\" preserveAspectRatio=\"none\">\n  <path class=\"ux-shape-fill\" opacity=\"0.15\" d=\"M0 299L-2 19.9998C153 -16.0002 308 155 413 184C515.64 212.35 562 152 645 153C725 154 787 206 874 233C939.54 253.34 975 248 1000 244.61V299H0Z\"\/>\n  <path class=\"ux-shape-fill\" opacity=\"0.3\" d=\"M0 300L-2 34C155 -9.00003 300 178 403 212C504.11 245.38 562 165 645 166C725 167 790.09 220.07 874 253C939.21 278.59 978.07 269.72 1000 263.61V300H0Z\"\/>\n  <path class=\"ux-shape-fill\" d=\"M0 300L-1 69.7099C216 56.9999 299.47 198.86 403 226C506 253 577 196 660 197C740 198 790.09 234.07 874 267C935.23 291 982 282.61 1000 277.61V300H0Z\"\/>\n<\/svg>\n\t<\/div>\n\n\t\t<div class=\"section-content relative\">\n\t\t\t\n<div class=\"row row-large align-middle align-center\"  id=\"row-2114726361\">\n\n\t<div id=\"col-1996763004\" class=\"col medium-5 small-12 large-5\"  >\n\t\t\t\t<div class=\"col-inner\"  >\n\t\t\t\n\t\t\t\n\t<div class=\"img has-hover x md-x lg-x y md-y lg-y\" id=\"image_829178559\">\n\t\t\t\t\t\t\t\t<div class=\"img-inner dark\" >\n\t\t\t<img loading=\"lazy\" decoding=\"async\" width=\"1536\" height=\"1024\" src=\"https:\/\/customs.pgwear.net\/wp-content\/uploads\/2022\/11\/pgwear-49-1536x1024.jpg\" class=\"attachment-1536x1536 size-1536x1536\" alt=\"\" srcset=\"https:\/\/customs.pgwear.net\/wp-content\/uploads\/2022\/11\/pgwear-49-1536x1024.jpg 1536w, https:\/\/customs.pgwear.net\/wp-content\/uploads\/2022\/11\/pgwear-49-600x400.jpg 600w, https:\/\/customs.pgwear.net\/wp-content\/uploads\/2022\/11\/pgwear-49-1200x800.jpg 1200w, https:\/\/customs.pgwear.net\/wp-content\/uploads\/2022\/11\/pgwear-49-768x512.jpg 768w, https:\/\/customs.pgwear.net\/wp-content\/uploads\/2022\/11\/pgwear-49-2048x1365.jpg 2048w\" sizes=\"auto, (max-width: 1536px) 100vw, 1536px\" \/>\t\t\t\t\t\t\n\t\t\t\t\t<\/div>\n\t\t\t\t\t\t\t\t\n<style>\n#image_829178559 {\n  width: 100%;\n}\n<\/style>\n\t<\/div>\n\t\n\t\t<\/div>\n\t\t\t\t\t<\/div>\n\n\t\n\n\t<div id=\"col-1462914360\" class=\"col medium-6 small-12 large-6\"  >\n\t\t\t\t<div class=\"col-inner\"  >\n\t\t\t\n\t\t\t\n<h6 class=\"uppercase\">O en<\/h6>\n<h2>PGWEAR Design Studio<\/h2>\n<p>Le travail des graphistes de PGWEAR Customs est un processus cr\u00e9atif qui associe l&rsquo;art et la fonctionnalit\u00e9 pour cr\u00e9er des mod\u00e8les de v\u00eatements uniques. Les graphistes travaillent avec les clients pour produire des mod\u00e8les de v\u00eatements qui r\u00e9pondent \u00e0 leurs attentes. <\/p>\n<p>Ils commencent par le concept, le choix des couleurs et des polices de caract\u00e8res, la cr\u00e9ation de graphiques pour l&rsquo;impression et la cr\u00e9ation de visuels pour l&rsquo;approbation du client.<\/p>\n\t\t<\/div>\n\t\t\t\t\t<\/div>\n\n\t\n<\/div>\n\t\t<\/div>\n\n\t\t\n<style>\n#section_975456467 {\n  padding-top: 100px;\n  padding-bottom: 100px;\n  background-color: rgb(0,0,0);\n}\n#section_975456467 .ux-shape-divider--bottom svg {\n  height: 44px;\n  --divider-width: 100%;\n}\n@media (min-width:550px) {\n  #section_975456467 {\n    padding-top: 120px;\n    padding-bottom: 120px;\n  }\n  #section_975456467 .ux-shape-divider--bottom svg {\n    height: 150px;\n  }\n}\n@media (min-width:850px) {\n  #section_975456467 {\n    padding-top: 140px;\n    padding-bottom: 140px;\n  }\n}\n<\/style>\n\t<\/section>\n\t\n\n\t<section class=\"section\" id=\"section_204843869\">\n\t\t<div class=\"section-bg fill\" >\n\t\t\t\t\t\t\t\t\t\n\t\t\t\n\n\t\t<\/div>\n\n\t\t\n\n\t\t<div class=\"section-content relative\">\n\t\t\t\n\t<div id=\"gap-1172567635\" class=\"gap-element clearfix\" style=\"display:block; height:auto;\">\n\t\t\n<style>\n#gap-1172567635 {\n  padding-top: 30px;\n}\n<\/style>\n\t<\/div>\n\t\n<div class=\"row row-large align-middle align-center\"  id=\"row-494264473\">\n\n\t<div id=\"col-112762750\" class=\"col medium-6 small-12 large-6\"  >\n\t\t\t\t<div class=\"col-inner\"  >\n\t\t\t\n\t\t\t\n<p>Les graphistes doivent conna\u00eetre les diff\u00e9rentes techniques de d\u00e9coration, telles que la s\u00e9rigraphie ou la broderie, et veiller \u00e0 ce que les dessins soient \u00e0 la fois esth\u00e9tiques et fonctionnels.<\/p>\n<p>Ils travaillent \u00e9galement en \u00e9troite collaboration avec le service de production, veillant \u00e0 ce que les mod\u00e8les soient durables et confortables et, surtout, conformes aux capacit\u00e9s techniques de l&rsquo;atelier de couture.<\/p>\n\t\t<\/div>\n\t\t\t\t\t<\/div>\n\n\t\n\n\t<div id=\"col-297767802\" class=\"col medium-4 small-12 large-4 small-col-first\"  >\n\t\t\t\t<div class=\"col-inner\"  >\n\t\t\t\n\t\t\t\n\t<div class=\"img has-hover x md-x lg-x y md-y lg-y\" id=\"image_1573002785\">\n\t\t\t\t\t\t\t\t<div class=\"img-inner dark\" >\n\t\t\t<img loading=\"lazy\" decoding=\"async\" width=\"533\" height=\"800\" src=\"https:\/\/customs.pgwear.net\/wp-content\/uploads\/2025\/05\/GFXF5723_2-533x800.jpg\" class=\"attachment-large size-large\" alt=\"\" srcset=\"https:\/\/customs.pgwear.net\/wp-content\/uploads\/2025\/05\/GFXF5723_2-533x800.jpg 533w, https:\/\/customs.pgwear.net\/wp-content\/uploads\/2025\/05\/GFXF5723_2-267x400.jpg 267w, https:\/\/customs.pgwear.net\/wp-content\/uploads\/2025\/05\/GFXF5723_2-768x1152.jpg 768w, https:\/\/customs.pgwear.net\/wp-content\/uploads\/2025\/05\/GFXF5723_2-1024x1536.jpg 1024w, https:\/\/customs.pgwear.net\/wp-content\/uploads\/2025\/05\/GFXF5723_2-1366x2048.jpg 1366w, https:\/\/customs.pgwear.net\/wp-content\/uploads\/2025\/05\/GFXF5723_2-scaled.jpg 1707w\" sizes=\"auto, (max-width: 533px) 100vw, 533px\" \/>\t\t\t\t\t\t\n\t\t\t\t\t<\/div>\n\t\t\t\t\t\t\t\t\n<style>\n#image_1573002785 {\n  width: 100%;\n}\n<\/style>\n\t<\/div>\n\t\n\t\t<\/div>\n\t\t\t\t\t<\/div>\n\n\t\n<\/div>\n\t\t<\/div>\n\n\t\t\n<style>\n#section_204843869 {\n  padding-top: 60px;\n  padding-bottom: 60px;\n  background-color: rgb(255,255,255);\n}\n<\/style>\n\t<\/section>\n\t\n\n\t<section class=\"section dark\" id=\"section_1124697273\">\n\t\t<div class=\"section-bg fill\" >\n\t\t\t\t\t\t\t\t\t\n\t\t\t\n\n\t\t<\/div>\n\n\t\t\t<div class=\"ux-shape-divider ux-shape-divider--top ux-shape-divider--style-waves-opacity\">\n\t\t<svg viewBox=\"0 0 1000 300\" xmlns=\"http:\/\/www.w3.org\/2000\/svg\" preserveAspectRatio=\"none\">\n    <path class=\"ux-shape-fill\" d=\"M0 300L-1 69.71C216 57 299.47 198.86 403 226C506 253 577 196 660 197C740 198 790.09 234.07 874 267C935.23 291 982 282.61 1000 277.61V300H0Z\"\/>\n    <path class=\"ux-shape-fill\" opacity=\"0.5\" d=\"M1 265.094L0 50.5C217 37.79 300.47 186.36 404 213.5C507 240.5 578 196.5 661 197.5C741 198.5 787.59 239.57 871.5 272.5C932.73 296.5 980.5 284.5 998.5 279.5V298.5L1 265.094Z\"\/>\n    <path class=\"ux-shape-fill\" opacity=\"0.15\" d=\"M0.999878 244.094L-0.00012207 27C217 14.29 300.47 173.86 404 201C507 228 578 196 661 197C741 198 787.59 243.07 871.5 276C932.73 300 980.5 284.5 998.5 279.5V299L0.999878 244.094Z\"\/>\n<\/svg>\n\n\t<\/div>\n\n\n\t\t<div class=\"section-content relative\">\n\t\t\t\n<div class=\"row row-collapse align-middle align-center\"  id=\"row-158093854\">\n\n\t<div id=\"col-1098442115\" class=\"col medium-10 small-11 large-5\"  >\n\t\t\t\t<div class=\"col-inner text-left\"  >\n\t\t\t\n\t\t\t\n\t<div class=\"img has-hover x md-x lg-x y md-y lg-y\" id=\"image_568431095\">\n\t\t\t\t\t\t\t\t<div class=\"img-inner box-shadow-4 dark\" >\n\t\t\t<img loading=\"lazy\" decoding=\"async\" width=\"1020\" height=\"680\" src=\"https:\/\/customs.pgwear.net\/wp-content\/uploads\/2023\/03\/pgwear-39-1200x800.jpg\" class=\"attachment-large size-large\" alt=\"\" srcset=\"https:\/\/customs.pgwear.net\/wp-content\/uploads\/2023\/03\/pgwear-39-1200x800.jpg 1200w, https:\/\/customs.pgwear.net\/wp-content\/uploads\/2023\/03\/pgwear-39-600x400.jpg 600w, https:\/\/customs.pgwear.net\/wp-content\/uploads\/2023\/03\/pgwear-39-768x512.jpg 768w, https:\/\/customs.pgwear.net\/wp-content\/uploads\/2023\/03\/pgwear-39-1536x1024.jpg 1536w, https:\/\/customs.pgwear.net\/wp-content\/uploads\/2023\/03\/pgwear-39-2048x1365.jpg 2048w\" sizes=\"auto, (max-width: 1020px) 100vw, 1020px\" \/>\t\t\t\t\t\t\n\t\t\t\t\t<\/div>\n\t\t\t\t\t\t\t\t\n<style>\n#image_568431095 {\n  width: 100%;\n}\n<\/style>\n\t<\/div>\n\t\n\t\t<\/div>\n\t\t\t\t\t<\/div>\n\n\t\n\n\t<div id=\"col-1922806167\" class=\"col medium-10 small-11 large-7\"  >\n\t\t\t\t<div class=\"col-inner text-left\"  >\n\t\t\t\n\t\t\t\n<h1>PGWEAR Designers Studio<\/h1>\n<p class=\"lead\" style=\"text-align: left;\">Le studio de design graphique de PGWEAR Customs est une combinaison de passion, de comp\u00e9tences techniques, d&rsquo;exp\u00e9rience et de collaboration, rendant chaque projet de v\u00eatement unique. Contactez-nous d\u00e8s maintenant pour concevoir des v\u00eatements pour votre club et votre groupe ! <\/p>\n<a href=\"https:\/\/customs.pgwear.net\/fr\/commande\/\" class=\"button alert is-small box-shadow-2\" style=\"border-radius:10px;padding:15px 30px 15px 30px;\">\n\t\t<span>Visualisation gratuite<\/span>\n\t<\/a>\n\n<a href=\"https:\/\/customs.pgwear.net\/fr\/contact\/\" class=\"button white is-outline is-small box-shadow-2\" style=\"border-radius:10px;padding:15px 30px 15px 30px;\">\n\t\t<span>Contact<\/span>\n\t<\/a>\n\n\t\t<\/div>\n\t\t\t\t\t<\/div>\n\n\t\n\n<style>\n#row-158093854 > .col > .col-inner {\n  padding: 91px 20px 63px 41px;\n}\n<\/style>\n<\/div>\n\t\t<\/div>\n\n\t\t\n<style>\n#section_1124697273 {\n  padding-top: 60px;\n  padding-bottom: 60px;\n  background-color: rgb(0,0,0);\n}\n#section_1124697273 .ux-shape-divider--top svg {\n  height: 50px;\n  --divider-top-width: 100%;\n}\n@media (min-width:550px) {\n  #section_1124697273 .ux-shape-divider--top svg {\n    height: 150px;\n  }\n}\n<\/style>\n\t<\/section>\n\t\n","protected":false},"excerpt":{"rendered":"","protected":false},"author":1,"featured_media":0,"parent":0,"menu_order":0,"comment_status":"closed","ping_status":"closed","template":"page-blank.php","meta":{"_acf_changed":false,"footnotes":""},"class_list":["post-51047","page","type-page","status-publish","hentry"],"acf":[],"_links":{"self":[{"href":"https:\/\/customs.pgwear.net\/fr\/wp-json\/wp\/v2\/pages\/51047","targetHints":{"allow":["GET"]}}],"collection":[{"href":"https:\/\/customs.pgwear.net\/fr\/wp-json\/wp\/v2\/pages"}],"about":[{"href":"https:\/\/customs.pgwear.net\/fr\/wp-json\/wp\/v2\/types\/page"}],"author":[{"embeddable":true,"href":"https:\/\/customs.pgwear.net\/fr\/wp-json\/wp\/v2\/users\/1"}],"replies":[{"embeddable":true,"href":"https:\/\/customs.pgwear.net\/fr\/wp-json\/wp\/v2\/comments?post=51047"}],"version-history":[{"count":2,"href":"https:\/\/customs.pgwear.net\/fr\/wp-json\/wp\/v2\/pages\/51047\/revisions"}],"predecessor-version":[{"id":51049,"href":"https:\/\/customs.pgwear.net\/fr\/wp-json\/wp\/v2\/pages\/51047\/revisions\/51049"}],"wp:attachment":[{"href":"https:\/\/customs.pgwear.net\/fr\/wp-json\/wp\/v2\/media?parent=51047"}],"curies":[{"name":"wp","href":"https:\/\/api.w.org\/{rel}","templated":true}]}}